{"id":197,"date":"2026-02-15T18:34:53","date_gmt":"2026-02-15T18:34:53","guid":{"rendered":"https:\/\/test.hotelkullaberg.site.hotelkullaberg.site\/?page_id=197"},"modified":"2026-02-16T02:31:11","modified_gmt":"2026-02-16T02:31:11","slug":"vandringspaket","status":"publish","type":"page","link":"https:\/\/test.hotelkullaberg.site.hotelkullaberg.site\/en\/paket-och-erbjudanden\/vandringspaket\/","title":{"rendered":"Hiking Package"},"content":{"rendered":"<div class=\"wp-block-group alignfull is-style-ext-preset--group--natural-1--section has-background-background-color has-background has-global-padding is-layout-constrained wp-block-group-is-layout-constrained\" style=\"margin-top:0;margin-bottom:0;padding-top:0;padding-bottom:var(--wp--preset--spacing--70)\">\n<div class=\"wp-block-cover alignfull is-light has-parallax\" style=\"min-height:509px;aspect-ratio:unset;\"><div class=\"wp-block-cover__image-background wp-image-86 size-full has-parallax\" style=\"background-position:50% 50%;background-image:url(https:\/\/test.hotelkullaberg.site.hotelkullaberg.site\/wp-content\/uploads\/2026\/02\/jesse-de-backer-db-WBLQjCw8-unsplash.jpg)\"><\/div><span aria-hidden=\"true\" class=\"wp-block-cover__background has-background-dim-10 has-background-dim\" style=\"background-color:#98a8b6\"><\/span><div class=\"wp-block-cover__inner-container has-global-padding is-layout-constrained wp-block-cover-is-layout-constrained\">\n<p class=\"has-text-align-center has-background-color has-text-color has-link-color has-source-serif-pro-font-family has-large-font-size wp-elements-d01fe1eb620c1cc32e6b6080cafb2225\">HIKING PACKAGE<\/p>\n<\/div><\/div>\n\n\n\n<div class=\"wp-block-group alignwide is-vertical is-content-justification-center is-layout-flex wp-container-core-group-is-layout-c9ee0c5a wp-block-group-is-layout-flex\">\n<div class=\"wp-block-group has-global-padding is-layout-constrained wp-container-core-group-is-layout-dd32767c wp-block-group-is-layout-constrained\">\n<h2 class=\"wp-block-heading has-text-align-center\">Grand hiking by the sea<\/h2>\n\n\n\n<p class=\"has-text-align-center\">Discover magnificent nature and enjoy a stay where activity and relaxation go hand in hand. Just around the corner from the hotel, some of Kullaberg's most impressive hiking trails unfold, with rolling landscapes, dramatic cliff formations, and expansive views over the sea and northwestern Sk\u00e5ne.<\/p>\n\n\n\n<p class=\"has-text-align-center\">After hours filled with fresh air and nature experiences, an evening focused on flavor and enjoyment awaits. A carefully composed three-course menu is served in our restaurant. Afterward, you will sleep soundly in our comfortable double rooms and wake up to a generous breakfast \u2013 ready for a new day by the sea and hiking trails.<\/p>\n\n\n\n<p><strong>The package includes:<\/strong><\/p>\n\n\n\n<ul class=\"wp-block-list\">\n<li>Three-course dinner at the hotel<\/li>\n\n\n\n<li>Overnight stay<\/li>\n\n\n\n<li>Breakfast<\/li>\n\n\n\n<li>Picnic to take along during the hike<\/li>\n<\/ul>\n\n\n\n<p>You plan the day at your own pace and choose the route that suits you best \u2013 we are happy to share maps, local tips, and personal recommendations.<\/p>\n\n\n\n<p>F\u00f6r inspiration finns flera f\u00e4rdiga turf\u00f6rslag hos&nbsp;Kullabergs Naturreservat,&nbsp;Sk\u00e5neleden&nbsp;och&nbsp;Kullabergsguiderna.<\/p>\n\n\n\n<p>The Sk\u00e5neleden website Weekend hiking around Kullen | Sk\u00e5neleden (<a href=\"https:\/\/skaneleden.se\/\">skaneleden.se<\/a>)<br>Kullabergsguiderna Hiking on Kullaberg \u2013 (<a href=\"https:\/\/www.kullabergsguiderna.se\/\">kullabergsguiderna.se<\/a>)<br>Kullaberg Nature Reserve Outdoor Maps and Inspiration \u2013&nbsp;<a href=\"https:\/\/www.kullabergsnatur.se\/\">Kullaberg Nature Reserve<\/a><br>Kullaleden's Friends Hikes Kullaleden SL 5 Hikes \u2013&nbsp;<a href=\"https:\/\/kullaleden.se\/\">Kullaleden SL 5<\/a><\/p>\n<\/div>\n\n\n\n<div class=\"wp-block-buttons is-layout-flex wp-block-buttons-is-layout-flex\">\n<div class=\"wp-block-button is-style-ext-preset--button--natural-1--button-1 is-style-ext-preset--button--natural-1--button-1--2\"><a class=\"wp-block-button__link has-secondary-background-color has-background has-source-serif-pro-font-family wp-element-button\" href=\"https:\/\/app.mews.com\/distributor\/85abd01b-9d7d-4838-9621-b3d0012f330b?mewsVoucherCode=PAKHIK\" style=\"border-top-left-radius:0px;border-top-right-radius:0px;border-bottom-left-radius:0px;border-bottom-right-radius:0px\">Book now<\/a><\/div>\n<\/div>\n<\/div>\n<\/div>\n\n\n\n<div class=\"wp-block-group alignfull is-style-ext-preset--group--natural-1--section has-tertiary-background-color has-background has-global-padding is-layout-constrained wp-container-core-group-is-layout-f72f1611 wp-block-group-is-layout-constrained\" style=\"margin-top:0;margin-bottom:0;padding-top:var(--wp--preset--spacing--70);padding-bottom:var(--wp--preset--spacing--70)\">\n<div class=\"wp-block-group alignwide is-vertical is-layout-flex wp-container-core-group-is-layout-c35747d5 wp-block-group-is-layout-flex\">\n<div class=\"wp-block-group has-global-padding is-layout-constrained wp-container-core-group-is-layout-5e05634a wp-block-group-is-layout-constrained\">\n<h2 class=\"wp-block-heading\">Gallery<\/h2>\n\n\n\n<p class=\"has-text-align-left\">Here are carefully selected images that capture the charm of booking our hiking package.<\/p>\n<\/div>\n<\/div>\n\n\n\n<div class=\"wp-block-columns alignwide are-vertically-aligned-top is-layout-flex wp-container-core-columns-is-layout-87beb0d0 wp-block-columns-is-layout-flex\">\n<div class=\"wp-block-column is-vertically-aligned-top is-layout-flow wp-container-core-column-is-layout-f5bb311e wp-block-column-is-layout-flow\">\n<figure class=\"wp-block-image size-full is-style-ext-preset--image--natural-1--image-1--content-top is-style-ext-preset--image--natural-1--image-1--content-top--4\"><img loading=\"lazy\" decoding=\"async\" width=\"1000\" height=\"1500\" src=\"https:\/\/test.hotelkullaberg.site.hotelkullaberg.site\/wp-content\/uploads\/2026\/02\/kullaberg.jpg\" alt=\"\" class=\"wp-image-87\" style=\"aspect-ratio:1;object-fit:cover\" srcset=\"https:\/\/test.hotelkullaberg.site.hotelkullaberg.site\/wp-content\/uploads\/2026\/02\/kullaberg.jpg 1000w, https:\/\/test.hotelkullaberg.site.hotelkullaberg.site\/wp-content\/uploads\/2026\/02\/kullaberg-200x300.jpg 200w, https:\/\/test.hotelkullaberg.site.hotelkullaberg.site\/wp-content\/uploads\/2026\/02\/kullaberg-683x1024.jpg 683w, https:\/\/test.hotelkullaberg.site.hotelkullaberg.site\/wp-content\/uploads\/2026\/02\/kullaberg-768x1152.jpg 768w, https:\/\/test.hotelkullaberg.site.hotelkullaberg.site\/wp-content\/uploads\/2026\/02\/kullaberg-8x12.jpg 8w\" sizes=\"auto, (max-width: 1000px) 100vw, 1000px\" \/><\/figure>\n<\/div>\n\n\n\n<div class=\"wp-block-column is-vertically-aligned-top is-layout-flow wp-container-core-column-is-layout-f5bb311e wp-block-column-is-layout-flow\">\n<figure class=\"wp-block-image size-large is-style-ext-preset--image--natural-1--image-1--content-top is-style-ext-preset--image--natural-1--image-1--content-top--5\"><img loading=\"lazy\" decoding=\"async\" width=\"820\" height=\"1024\" src=\"https:\/\/test.hotelkullaberg.site.hotelkullaberg.site\/wp-content\/uploads\/2026\/02\/image000002-820x1024.jpg\" alt=\"\" class=\"wp-image-84\" style=\"aspect-ratio:1;object-fit:cover\" srcset=\"\" sizes=\"auto, (max-width: 820px) 100vw, 820px\" data-srcset=\"\" \/><\/figure>\n<\/div>\n\n\n\n<div class=\"wp-block-column is-vertically-aligned-top is-layout-flow wp-container-core-column-is-layout-f5bb311e wp-block-column-is-layout-flow\">\n<figure class=\"wp-block-image size-full is-style-ext-preset--image--natural-1--image-1--content-top is-style-ext-preset--image--natural-1--image-1--content-top--6\"><img loading=\"lazy\" decoding=\"async\" width=\"1100\" height=\"733\" src=\"https:\/\/test.hotelkullaberg.site.hotelkullaberg.site\/wp-content\/uploads\/2026\/02\/jesse-de-backer-db-WBLQjCw8-unsplash.jpg\" alt=\"\" class=\"wp-image-86\" style=\"aspect-ratio:1;object-fit:cover\" srcset=\"https:\/\/test.hotelkullaberg.site.hotelkullaberg.site\/wp-content\/uploads\/2026\/02\/jesse-de-backer-db-WBLQjCw8-unsplash.jpg 1100w, https:\/\/test.hotelkullaberg.site.hotelkullaberg.site\/wp-content\/uploads\/2026\/02\/jesse-de-backer-db-WBLQjCw8-unsplash-300x200.jpg 300w, https:\/\/test.hotelkullaberg.site.hotelkullaberg.site\/wp-content\/uploads\/2026\/02\/jesse-de-backer-db-WBLQjCw8-unsplash-1024x682.jpg 1024w, https:\/\/test.hotelkullaberg.site.hotelkullaberg.site\/wp-content\/uploads\/2026\/02\/jesse-de-backer-db-WBLQjCw8-unsplash-768x512.jpg 768w, https:\/\/test.hotelkullaberg.site.hotelkullaberg.site\/wp-content\/uploads\/2026\/02\/jesse-de-backer-db-WBLQjCw8-unsplash-18x12.jpg 18w\" sizes=\"auto, (max-width: 1100px) 100vw, 1100px\" \/><\/figure>\n<\/div>\n<\/div>\n<\/div>\n\n\n\n<div class=\"wp-block-group alignfull is-style-ext-preset--group--natural-1--section has-background-background-color has-background has-global-padding is-layout-constrained wp-block-group-is-layout-constrained\" style=\"margin-top:0;margin-bottom:0;padding-top:0;padding-bottom:0\">\n<div class=\"wp-block-cover alignfull has-parallax is-style-ext-preset--cover--natural-1--cover-overlay-1 is-style-ext-preset--cover--natural-1--cover-overlay-1--8\" style=\"padding-top:var(--wp--preset--spacing--70);padding-right:var(--wp--preset--spacing--30);padding-bottom:var(--wp--preset--spacing--70);padding-left:var(--wp--preset--spacing--30)\"><div class=\"wp-block-cover__image-background wp-image-69 size-large has-parallax\" style=\"background-position:50% 50%;background-image:url(https:\/\/test.hotelkullaberg.site.hotelkullaberg.site\/wp-content\/uploads\/2026\/02\/Hero-ny-1024x683.webp)\"><\/div><span aria-hidden=\"true\" class=\"wp-block-cover__background has-background-dim-80 has-background-dim\" style=\"background-color:#010101\"><\/span><div class=\"wp-block-cover__inner-container has-global-padding is-layout-constrained wp-container-core-cover-is-layout-5cffc2c1 wp-block-cover-is-layout-constrained\">\n<div class=\"wp-block-group alignwide is-vertical is-layout-flex wp-container-core-group-is-layout-c35747d5 wp-block-group-is-layout-flex\">\n<div class=\"wp-block-group has-global-padding is-layout-constrained wp-container-core-group-is-layout-2287c683 wp-block-group-is-layout-constrained\">\n<h2 class=\"wp-block-heading has-text-align-left\">Discover our other packages<\/h2>\n\n\n\n<p class=\"has-text-align-left\">Here you\u2019ll find our carefully curated packages and offers designed to enhance your stay \u2013 from hiking and golf to wine tastings. Explore our special deals and book your dream seaside getaway.<\/p>\n<\/div>\n\n\n\n<div class=\"wp-block-buttons is-layout-flex wp-block-buttons-is-layout-flex\">\n<div class=\"wp-block-button is-style-ext-preset--button--natural-1--button-1 is-style-ext-preset--button--natural-1--button-1--9\"><a class=\"wp-block-button__link has-source-serif-pro-font-family wp-element-button\" href=\"https:\/\/test.hotelkullaberg.site.hotelkullaberg.site\/en\/paket-och-erbjudanden\/\" style=\"border-top-left-radius:0px;border-top-right-radius:0px;border-bottom-left-radius:0px;border-bottom-right-radius:0px\">View our packages<\/a><\/div>\n<\/div>\n<\/div>\n<\/div><\/div>\n<\/div>","protected":false},"excerpt":{"rendered":"<p>Storslagen vandring vid havet Uppt\u00e4ck storslagen natur och njut av en vistelse d\u00e4r aktivitet och avkoppling g\u00e5r hand i hand. Runt h\u00f6rnet fr\u00e5n hotellet breder n\u00e5gra av Kullabergs mest imponerande vandringsstr\u00e5k ut sig, med b\u00f6ljande landskap, dramatiska klippformationer och vidstr\u00e4ckta vyer \u00f6ver havet och nordv\u00e4stra Sk\u00e5ne. Efter timmar fyllda av frisk luft och naturupplevelser v\u00e4ntar [&hellip;]<\/p>\n","protected":false},"author":1,"featured_media":0,"parent":26,"menu_order":0,"comment_status":"closed","ping_status":"closed","template":"page-with-title","meta":{"_monsterinsights_skip_tracking":false,"_monsterinsights_sitenote_active":false,"_monsterinsights_sitenote_note":"","_monsterinsights_sitenote_category":0,"footnotes":""},"class_list":["post-197","page","type-page","status-publish","hentry"],"aioseo_notices":[],"_links":{"self":[{"href":"https:\/\/test.hotelkullaberg.site.hotelkullaberg.site\/en\/wp-json\/wp\/v2\/pages\/197","targetHints":{"allow":["GET"]}}],"collection":[{"href":"https:\/\/test.hotelkullaberg.site.hotelkullaberg.site\/en\/wp-json\/wp\/v2\/pages"}],"about":[{"href":"https:\/\/test.hotelkullaberg.site.hotelkullaberg.site\/en\/wp-json\/wp\/v2\/types\/page"}],"author":[{"embeddable":true,"href":"https:\/\/test.hotelkullaberg.site.hotelkullaberg.site\/en\/wp-json\/wp\/v2\/users\/1"}],"replies":[{"embeddable":true,"href":"https:\/\/test.hotelkullaberg.site.hotelkullaberg.site\/en\/wp-json\/wp\/v2\/comments?post=197"}],"version-history":[{"count":5,"href":"https:\/\/test.hotelkullaberg.site.hotelkullaberg.site\/en\/wp-json\/wp\/v2\/pages\/197\/revisions"}],"predecessor-version":[{"id":251,"href":"https:\/\/test.hotelkullaberg.site.hotelkullaberg.site\/en\/wp-json\/wp\/v2\/pages\/197\/revisions\/251"}],"up":[{"embeddable":true,"href":"https:\/\/test.hotelkullaberg.site.hotelkullaberg.site\/en\/wp-json\/wp\/v2\/pages\/26"}],"wp:attachment":[{"href":"https:\/\/test.hotelkullaberg.site.hotelkullaberg.site\/en\/wp-json\/wp\/v2\/media?parent=197"}],"curies":[{"name":"wp","href":"https:\/\/api.w.org\/{rel}","templated":true}]}}