{"id":25,"date":"2026-02-13T11:56:25","date_gmt":"2026-02-13T11:56:25","guid":{"rendered":"https:\/\/test.hotelkullaberg.site.hotelkullaberg.site\/meny\/"},"modified":"2026-02-16T10:01:29","modified_gmt":"2026-02-16T10:01:29","slug":"restaurang","status":"publish","type":"page","link":"https:\/\/test.hotelkullaberg.site.hotelkullaberg.site\/en\/restaurang\/","title":{"rendered":"Restaurant"},"content":{"rendered":"<div class=\"wp-block-group alignfull is-style-ext-preset--group--natural-1--section has-background-background-color has-background has-global-padding is-layout-constrained wp-container-core-group-is-layout-ebc3d855 wp-block-group-is-layout-constrained\" id=\"meny\" style=\"margin-top:0;margin-bottom:0;padding-top:0;padding-bottom:var(--wp--preset--spacing--70)\">\n<div class=\"wp-block-cover alignfull is-repeated\"><div class=\"wp-block-cover__image-background wp-image-68 size-large is-repeated\" style=\"background-position:52% 96%;background-image:url(https:\/\/test.hotelkullaberg.site.hotelkullaberg.site\/wp-content\/uploads\/2026\/02\/48-DSC_3230-kopia-1024x851.jpg)\"><\/div><span aria-hidden=\"true\" class=\"wp-block-cover__background has-background-dim-20 has-background-dim\" style=\"background-color:#79675e\"><\/span><div class=\"wp-block-cover__inner-container has-global-padding is-layout-constrained wp-block-cover-is-layout-constrained\">\n<p class=\"has-text-align-center has-source-serif-pro-font-family has-large-font-size\">RESTAURANT<\/p>\n\n\n\n<div class=\"wp-block-buttons is-content-justification-center is-layout-flex wp-container-core-buttons-is-layout-a89b3969 wp-block-buttons-is-layout-flex\">\n<div class=\"wp-block-button\"><a class=\"wp-block-button__link has-secondary-color has-background-background-color has-text-color has-background has-link-color has-source-serif-pro-font-family wp-element-button\" href=\"https:\/\/s1-molle_hotel_och_restaurang_ab.widget.truebooking.se\/f1\/?identifier=0f392710-d1a3-4b9c-a2b8-25183f66571f\" style=\"border-top-left-radius:0px;border-top-right-radius:0px;border-bottom-left-radius:0px;border-bottom-right-radius:0px\">Book a table<\/a><\/div>\n<\/div>\n<\/div><\/div>\n\n\n\n<div class=\"wp-block-group alignwide is-vertical is-content-justification-center is-layout-flex wp-container-core-group-is-layout-c9ee0c5a wp-block-group-is-layout-flex\">\n<div class=\"wp-block-group has-global-padding is-layout-constrained wp-container-core-group-is-layout-5e05634a wp-block-group-is-layout-constrained\">\n<h2 class=\"wp-block-heading has-text-align-center\">Enjoy delightful flavors with a sea view<\/h2>\n\n\n\n<p class=\"has-text-align-center\">Our restaurant offers a tasteful blend of classic Swedish home-style cuisine and French bistro flair. Here, you can enjoy rustic dishes prepared with care and passion.<\/p>\n<\/div>\n\n\n\n<div class=\"wp-block-buttons is-layout-flex wp-block-buttons-is-layout-flex\">\n<div class=\"wp-block-button\"><a class=\"wp-block-button__link has-background-color has-secondary-background-color has-text-color has-background has-link-color has-source-serif-pro-font-family wp-element-button\" href=\"https:\/\/test.hotelkullaberg.site.hotelkullaberg.site\/wp-content\/uploads\/2026\/02\/ENG-Vintermeny.jpg\" style=\"border-top-left-radius:0px;border-top-right-radius:0px;border-bottom-left-radius:0px;border-bottom-right-radius:0px\">Menu<\/a><\/div>\n<\/div>\n<\/div>\n\n\n\n<figure class=\"wp-block-gallery alignwide has-nested-images columns-default is-cropped wp-block-gallery-2 is-layout-flex wp-block-gallery-is-layout-flex\">\n<figure class=\"wp-block-image size-large\"><img loading=\"lazy\" decoding=\"async\" width=\"1000\" height=\"725\" data-id=\"200\" src=\"https:\/\/test.hotelkullaberg.site.hotelkullaberg.site\/wp-content\/uploads\/2026\/02\/45b-DSC_0678-kopia.jpg\" alt=\"\" class=\"wp-image-200\" srcset=\"https:\/\/test.hotelkullaberg.site.hotelkullaberg.site\/wp-content\/uploads\/2026\/02\/45b-DSC_0678-kopia.jpg 1000w, https:\/\/test.hotelkullaberg.site.hotelkullaberg.site\/wp-content\/uploads\/2026\/02\/45b-DSC_0678-kopia-300x218.jpg 300w, https:\/\/test.hotelkullaberg.site.hotelkullaberg.site\/wp-content\/uploads\/2026\/02\/45b-DSC_0678-kopia-768x557.jpg 768w, https:\/\/test.hotelkullaberg.site.hotelkullaberg.site\/wp-content\/uploads\/2026\/02\/45b-DSC_0678-kopia-18x12.jpg 18w\" sizes=\"auto, (max-width: 1000px) 100vw, 1000px\" \/><\/figure>\n\n\n\n<figure class=\"wp-block-image size-large\"><img loading=\"lazy\" decoding=\"async\" width=\"820\" height=\"1024\" data-id=\"84\" src=\"https:\/\/test.hotelkullaberg.site.hotelkullaberg.site\/wp-content\/uploads\/2026\/02\/image000002-820x1024.jpg\" alt=\"\" class=\"wp-image-84\" srcset=\"\" sizes=\"auto, (max-width: 820px) 100vw, 820px\" data-srcset=\"\" \/><\/figure>\n\n\n\n<figure class=\"wp-block-image size-large\"><img loading=\"lazy\" decoding=\"async\" width=\"1024\" height=\"683\" data-id=\"79\" src=\"https:\/\/test.hotelkullaberg.site.hotelkullaberg.site\/wp-content\/uploads\/2026\/02\/Hotel-Kullaberg-Robert-Bohnke-10-1024x683.jpeg\" alt=\"\" class=\"wp-image-79\" srcset=\"\" sizes=\"auto, (max-width: 1024px) 100vw, 1024px\" data-srcset=\"\" \/><\/figure>\n\n\n\n<figure class=\"wp-block-image size-large\"><img loading=\"lazy\" decoding=\"async\" width=\"1000\" height=\"1017\" data-id=\"201\" src=\"https:\/\/test.hotelkullaberg.site.hotelkullaberg.site\/wp-content\/uploads\/2026\/02\/47-DSC_0676-kopia.jpg\" alt=\"\" class=\"wp-image-201\" srcset=\"https:\/\/test.hotelkullaberg.site.hotelkullaberg.site\/wp-content\/uploads\/2026\/02\/47-DSC_0676-kopia.jpg 1000w, https:\/\/test.hotelkullaberg.site.hotelkullaberg.site\/wp-content\/uploads\/2026\/02\/47-DSC_0676-kopia-295x300.jpg 295w, https:\/\/test.hotelkullaberg.site.hotelkullaberg.site\/wp-content\/uploads\/2026\/02\/47-DSC_0676-kopia-768x781.jpg 768w, https:\/\/test.hotelkullaberg.site.hotelkullaberg.site\/wp-content\/uploads\/2026\/02\/47-DSC_0676-kopia-12x12.jpg 12w\" sizes=\"auto, (max-width: 1000px) 100vw, 1000px\" \/><\/figure>\n\n\n\n<figure class=\"wp-block-image size-large\"><img loading=\"lazy\" decoding=\"async\" width=\"820\" height=\"1024\" data-id=\"83\" src=\"https:\/\/test.hotelkullaberg.site.hotelkullaberg.site\/wp-content\/uploads\/2026\/02\/image000001-820x1024.jpg\" alt=\"\" class=\"wp-image-83\" srcset=\"https:\/\/test.hotelkullaberg.site.hotelkullaberg.site\/wp-content\/uploads\/2026\/02\/image000001-820x1024.jpg 820w, https:\/\/test.hotelkullaberg.site.hotelkullaberg.site\/wp-content\/uploads\/2026\/02\/image000001-240x300.jpg 240w, https:\/\/test.hotelkullaberg.site.hotelkullaberg.site\/wp-content\/uploads\/2026\/02\/image000001-768x959.jpg 768w, https:\/\/test.hotelkullaberg.site.hotelkullaberg.site\/wp-content\/uploads\/2026\/02\/image000001-1230x1536.jpg 1230w, https:\/\/test.hotelkullaberg.site.hotelkullaberg.site\/wp-content\/uploads\/2026\/02\/image000001-10x12.jpg 10w, https:\/\/test.hotelkullaberg.site.hotelkullaberg.site\/wp-content\/uploads\/2026\/02\/image000001.jpg 1280w\" sizes=\"auto, (max-width: 820px) 100vw, 820px\" \/><\/figure>\n\n\n\n<figure class=\"wp-block-image size-large\"><img loading=\"lazy\" decoding=\"async\" width=\"768\" height=\"1024\" data-id=\"85\" src=\"https:\/\/test.hotelkullaberg.site.hotelkullaberg.site\/wp-content\/uploads\/2026\/02\/IMG_6248-768x1024.jpg\" alt=\"\" class=\"wp-image-85\" srcset=\"\" sizes=\"auto, (max-width: 768px) 100vw, 768px\" data-srcset=\"\" \/><\/figure>\n<\/figure>\n\n\n\n<h2 class=\"wp-block-heading has-text-align-center\">Would you like to get in touch with the restaurant? Feel free to send us an email!<\/h2>\n\n\n\n<div class=\"wp-block-buttons is-content-justification-center is-layout-flex wp-container-core-buttons-is-layout-a89b3969 wp-block-buttons-is-layout-flex\">\n<div class=\"wp-block-button\"><a class=\"wp-block-button__link has-background-color has-secondary-background-color has-text-color has-background has-link-color has-source-serif-pro-font-family wp-element-button\" href=\"\/en\/restaurang@hotelkullaberg.se\/\" style=\"border-top-left-radius:0px;border-top-right-radius:0px;border-bottom-left-radius:0px;border-bottom-right-radius:0px\">Email the restaurant<\/a><\/div>\n<\/div>\n<\/div>\n\n\n\n<div class=\"wp-block-group alignfull is-style-ext-preset--group--natural-1--section has-tertiary-background-color has-background has-global-padding is-layout-constrained wp-block-group-is-layout-constrained\" id=\"om\" style=\"margin-top:0;margin-bottom:0;padding-top:var(--wp--preset--spacing--70);padding-bottom:var(--wp--preset--spacing--70)\">\n<div class=\"wp-block-group alignwide is-vertical is-content-justification-center is-layout-flex wp-container-core-group-is-layout-c9ee0c5a wp-block-group-is-layout-flex\">\n<div class=\"wp-block-group has-global-padding is-layout-constrained wp-container-core-group-is-layout-2287c683 wp-block-group-is-layout-constrained\">\n<h2 class=\"wp-block-heading has-text-align-center\">Hotel Kullaberg \u2013 your seaside retreat<\/h2>\n\n\n\n<p class=\"has-text-align-center\">Discover the unique experiences we offer and book your visit today. Take the first step toward an unforgettable stay along the coast of Sk\u00e5ne.<\/p>\n<\/div>\n<\/div>\n\n\n\n<div class=\"wp-block-buttons is-content-justification-center is-layout-flex wp-container-core-buttons-is-layout-a89b3969 wp-block-buttons-is-layout-flex\">\n<div class=\"wp-block-button\"><a class=\"wp-block-button__link has-background-color has-secondary-background-color has-text-color has-background has-link-color has-source-serif-pro-font-family wp-element-button\" href=\"https:\/\/test.hotelkullaberg.site.hotelkullaberg.site\/en\/paket-och-erbjudanden\/\" style=\"border-top-left-radius:0px;border-top-right-radius:0px;border-bottom-left-radius:0px;border-bottom-right-radius:0px\">Book your stay<\/a><\/div>\n<\/div>\n<\/div>","protected":false},"excerpt":{"rendered":"<p>Njut av ljuvliga smaker med havsutsikt V\u00e5r restaurang erbjuder en smakfull kombination av klassisk svensk husmanskost och fransk bistrostil. H\u00e4r kan du njuta av rustika r\u00e4tter som \u00e4r tillagade med omsorg och passion. Vill du kontakta restaurangen? Skicka g\u00e4rna ett mejl till oss! Hotel Kullaberg \u2013 din oas vid havet Uppt\u00e4ck de unika upplevelserna vi [&hellip;]<\/p>\n","protected":false},"author":1,"featured_media":0,"parent":0,"menu_order":0,"comment_status":"closed","ping_status":"closed","template":"page-with-title","meta":{"_monsterinsights_skip_tracking":false,"_monsterinsights_sitenote_active":false,"_monsterinsights_sitenote_note":"","_monsterinsights_sitenote_category":0,"footnotes":""},"class_list":["post-25","page","type-page","status-publish","hentry"],"aioseo_notices":[],"_links":{"self":[{"href":"https:\/\/test.hotelkullaberg.site.hotelkullaberg.site\/en\/wp-json\/wp\/v2\/pages\/25","targetHints":{"allow":["GET"]}}],"collection":[{"href":"https:\/\/test.hotelkullaberg.site.hotelkullaberg.site\/en\/wp-json\/wp\/v2\/pages"}],"about":[{"href":"https:\/\/test.hotelkullaberg.site.hotelkullaberg.site\/en\/wp-json\/wp\/v2\/types\/page"}],"author":[{"embeddable":true,"href":"https:\/\/test.hotelkullaberg.site.hotelkullaberg.site\/en\/wp-json\/wp\/v2\/users\/1"}],"replies":[{"embeddable":true,"href":"https:\/\/test.hotelkullaberg.site.hotelkullaberg.site\/en\/wp-json\/wp\/v2\/comments?post=25"}],"version-history":[{"count":5,"href":"https:\/\/test.hotelkullaberg.site.hotelkullaberg.site\/en\/wp-json\/wp\/v2\/pages\/25\/revisions"}],"predecessor-version":[{"id":256,"href":"https:\/\/test.hotelkullaberg.site.hotelkullaberg.site\/en\/wp-json\/wp\/v2\/pages\/25\/revisions\/256"}],"wp:attachment":[{"href":"https:\/\/test.hotelkullaberg.site.hotelkullaberg.site\/en\/wp-json\/wp\/v2\/media?parent=25"}],"curies":[{"name":"wp","href":"https:\/\/api.w.org\/{rel}","templated":true}]}}