{"id":26,"date":"2026-02-13T11:56:26","date_gmt":"2026-02-13T11:56:26","guid":{"rendered":"https:\/\/test.hotelkullaberg.site.hotelkullaberg.site\/erbjudanden\/"},"modified":"2026-02-16T01:33:43","modified_gmt":"2026-02-16T01:33:43","slug":"paket-och-erbjudanden","status":"publish","type":"page","link":"https:\/\/test.hotelkullaberg.site.hotelkullaberg.site\/en\/paket-och-erbjudanden\/","title":{"rendered":"Paket &#038; erbjudanden"},"content":{"rendered":"<div class=\"wp-block-cover alignfull\" style=\"min-height:368px;aspect-ratio:unset;\"><video class=\"wp-block-cover__video-background intrinsic-ignore\" autoplay muted loop playsinline src=\"https:\/\/test.hotelkullaberg.site.hotelkullaberg.site\/wp-content\/uploads\/2026\/02\/Untitled-design-2.mp4\" data-object-fit=\"cover\"><\/video><span aria-hidden=\"true\" class=\"wp-block-cover__background has-background-dim-10 has-background-dim\" style=\"background-color:#FFF\"><\/span><div class=\"wp-block-cover__inner-container has-global-padding is-layout-constrained wp-block-cover-is-layout-constrained\">\n<p class=\"has-text-align-center has-background-color has-text-color has-link-color has-source-serif-pro-font-family has-large-font-size wp-elements-fe4c08401b4797d2cefc159a539c550d\">PACKAGES &amp; OFFERS<\/p>\n<\/div><\/div>\n\n\n\n<div class=\"wp-block-group alignfull is-style-ext-preset--group--natural-1--section has-background-background-color has-background has-global-padding is-layout-constrained wp-container-core-group-is-layout-ab56ae29 wp-block-group-is-layout-constrained\" id=\"boka-nu\" style=\"margin-top:0;margin-bottom:0;padding-top:var(--wp--preset--spacing--70);padding-bottom:var(--wp--preset--spacing--70)\">\n<div class=\"wp-block-group alignwide is-vertical is-content-justification-center is-layout-flex wp-container-core-group-is-layout-c9ee0c5a wp-block-group-is-layout-flex\">\n<div class=\"wp-block-group has-global-padding is-layout-constrained wp-container-core-group-is-layout-dd32767c wp-block-group-is-layout-constrained\">\n<h2 class=\"wp-block-heading has-text-align-center\">Experience Packages in Scenic M\u00f6lle<\/h2>\n\n\n\n<p class=\"has-text-align-center\">Discover our exclusive packages that combine accommodation with hiking, golf, and wine tasting for an unforgettable stay.<\/p>\n<\/div>\n<\/div>\n<\/div>\n\n\n\n<div class=\"wp-block-group alignfull is-style-ext-preset--group--natural-1--section has-tertiary-background-color has-background has-global-padding is-layout-constrained wp-container-core-group-is-layout-e955bbaf wp-block-group-is-layout-constrained\" id=\"evenemang\" style=\"margin-top:0;margin-bottom:0;padding-top:var(--wp--preset--spacing--70);padding-bottom:var(--wp--preset--spacing--70)\">\n<div class=\"wp-block-columns alignwide is-layout-flex wp-container-core-columns-is-layout-08c01c1c wp-block-columns-is-layout-flex\">\n<div class=\"wp-block-column is-layout-flow wp-block-column-is-layout-flow\">\n<div class=\"wp-block-group is-style-ext-preset--group--natural-1--item-card-1--align-center has-global-padding is-layout-constrained wp-block-group-is-layout-constrained is-style-ext-preset--group--natural-1--item-card-1--align-center--3\">\n<figure class=\"wp-block-image size-large\"><img loading=\"lazy\" decoding=\"async\" width=\"1024\" height=\"682\" src=\"https:\/\/test.hotelkullaberg.site.hotelkullaberg.site\/wp-content\/uploads\/2026\/02\/jesse-de-backer-db-WBLQjCw8-unsplash-1024x682.jpg\" alt=\"\" class=\"wp-image-86\" style=\"aspect-ratio:4\/3;object-fit:cover\" srcset=\"https:\/\/test.hotelkullaberg.site.hotelkullaberg.site\/wp-content\/uploads\/2026\/02\/jesse-de-backer-db-WBLQjCw8-unsplash-1024x682.jpg 1024w, https:\/\/test.hotelkullaberg.site.hotelkullaberg.site\/wp-content\/uploads\/2026\/02\/jesse-de-backer-db-WBLQjCw8-unsplash-300x200.jpg 300w, https:\/\/test.hotelkullaberg.site.hotelkullaberg.site\/wp-content\/uploads\/2026\/02\/jesse-de-backer-db-WBLQjCw8-unsplash-768x512.jpg 768w, https:\/\/test.hotelkullaberg.site.hotelkullaberg.site\/wp-content\/uploads\/2026\/02\/jesse-de-backer-db-WBLQjCw8-unsplash-18x12.jpg 18w, https:\/\/test.hotelkullaberg.site.hotelkullaberg.site\/wp-content\/uploads\/2026\/02\/jesse-de-backer-db-WBLQjCw8-unsplash.jpg 1100w\" sizes=\"auto, (max-width: 1024px) 100vw, 1024px\" \/><\/figure>\n\n\n\n<div class=\"wp-block-group is-style-default has-global-padding is-layout-constrained wp-block-group-is-layout-constrained\">\n<h3 class=\"wp-block-heading has-text-align-center\">Hiking Package<\/h3>\n\n\n\n<p class=\"has-text-align-center\">Explore Kullaberg\u2019s spectacular hiking trails and enjoy breathtaking views, dramatic cliffs, and the fresh sea air. The package includes a packed lunch to take with you on the hike, allowing you to pause and savor the scenery along the way.<\/p>\n\n\n\n<p class=\"has-text-align-center\">After a day full of adventures, enjoy a three-course dinner at the hotel, followed by a comfortable overnight stay and breakfast \u2013 the perfect blend of activity and relaxation.<\/p>\n<\/div>\n<\/div>\n\n\n\n<div class=\"wp-block-buttons is-content-justification-center is-layout-flex wp-container-core-buttons-is-layout-a89b3969 wp-block-buttons-is-layout-flex\">\n<div class=\"wp-block-button\"><a class=\"wp-block-button__link has-secondary-background-color has-background has-source-serif-pro-font-family wp-element-button\" href=\"https:\/\/test.hotelkullaberg.site.hotelkullaberg.site\/en\/paket-och-erbjudanden\/vandringspaket\/\" style=\"border-top-left-radius:0px;border-top-right-radius:0px;border-bottom-left-radius:0px;border-bottom-right-radius:0px\">Read more<\/a><\/div>\n<\/div>\n<\/div>\n\n\n\n<div class=\"wp-block-column is-layout-flow wp-block-column-is-layout-flow\">\n<div class=\"wp-block-group is-style-ext-preset--group--natural-1--item-card-1--align-center has-global-padding is-layout-constrained wp-block-group-is-layout-constrained is-style-ext-preset--group--natural-1--item-card-1--align-center--4\">\n<figure class=\"wp-block-image size-full\"><img loading=\"lazy\" decoding=\"async\" width=\"456\" height=\"438\" src=\"https:\/\/test.hotelkullaberg.site.hotelkullaberg.site\/wp-content\/uploads\/2026\/02\/molle-gk-1.png\" alt=\"\" class=\"wp-image-91\" style=\"aspect-ratio:4\/3;object-fit:cover\" srcset=\"https:\/\/test.hotelkullaberg.site.hotelkullaberg.site\/wp-content\/uploads\/2026\/02\/molle-gk-1.png 456w, https:\/\/test.hotelkullaberg.site.hotelkullaberg.site\/wp-content\/uploads\/2026\/02\/molle-gk-1-300x288.png 300w, https:\/\/test.hotelkullaberg.site.hotelkullaberg.site\/wp-content\/uploads\/2026\/02\/molle-gk-1-12x12.png 12w\" sizes=\"auto, (max-width: 456px) 100vw, 456px\" \/><\/figure>\n\n\n\n<div class=\"wp-block-group is-style-default has-global-padding is-layout-constrained wp-block-group-is-layout-constrained\">\n<h3 class=\"wp-block-heading has-text-align-center\">Golf Package<\/h3>\n\n\n\n<p class=\"has-text-align-center\">Experience the best of the Kulla Peninsula with a package that combines golf and relaxation. The package includes green fees at one of the peninsula\u2019s beautiful golf courses, followed by a delicious three-course dinner in our restaurant.<\/p>\n\n\n\n<p class=\"has-text-align-center\">After a day on the course, enjoy a comfortable overnight stay and a hearty breakfast \u2013 the perfect combination for those looking to blend activity with relaxation.<\/p>\n<\/div>\n<\/div>\n\n\n\n<div class=\"wp-block-buttons is-content-justification-center is-layout-flex wp-container-core-buttons-is-layout-a89b3969 wp-block-buttons-is-layout-flex\">\n<div class=\"wp-block-button is-style-ext-preset--button--natural-1--button-1 is-style-ext-preset--button--natural-1--button-1--5\"><a class=\"wp-block-button__link has-secondary-background-color has-background has-source-serif-pro-font-family wp-element-button\" href=\"https:\/\/test.hotelkullaberg.site.hotelkullaberg.site\/en\/paket-och-erbjudanden\/golfpaket\/\" style=\"border-top-left-radius:0px;border-top-right-radius:0px;border-bottom-left-radius:0px;border-bottom-right-radius:0px\">Read more<\/a><\/div>\n<\/div>\n<\/div>\n\n\n\n<div class=\"wp-block-column is-layout-flow wp-block-column-is-layout-flow\">\n<div class=\"wp-block-group is-style-ext-preset--group--natural-1--item-card-1--align-center has-global-padding is-layout-constrained wp-block-group-is-layout-constrained is-style-ext-preset--group--natural-1--item-card-1--align-center--6\">\n<figure class=\"wp-block-image size-full\"><img loading=\"lazy\" decoding=\"async\" width=\"1000\" height=\"662\" src=\"https:\/\/test.hotelkullaberg.site.hotelkullaberg.site\/wp-content\/uploads\/2026\/02\/michael-ufYyamt-DNs-unsplash.jpg\" alt=\"\" class=\"wp-image-89\" style=\"aspect-ratio:4\/3;object-fit:cover\" srcset=\"https:\/\/test.hotelkullaberg.site.hotelkullaberg.site\/wp-content\/uploads\/2026\/02\/michael-ufYyamt-DNs-unsplash.jpg 1000w, https:\/\/test.hotelkullaberg.site.hotelkullaberg.site\/wp-content\/uploads\/2026\/02\/michael-ufYyamt-DNs-unsplash-300x199.jpg 300w, https:\/\/test.hotelkullaberg.site.hotelkullaberg.site\/wp-content\/uploads\/2026\/02\/michael-ufYyamt-DNs-unsplash-768x508.jpg 768w, https:\/\/test.hotelkullaberg.site.hotelkullaberg.site\/wp-content\/uploads\/2026\/02\/michael-ufYyamt-DNs-unsplash-18x12.jpg 18w\" sizes=\"auto, (max-width: 1000px) 100vw, 1000px\" \/><\/figure>\n\n\n\n<div class=\"wp-block-group is-style-default has-global-padding is-layout-constrained wp-block-group-is-layout-constrained\">\n<h3 class=\"wp-block-heading has-text-align-center\">Vineyard Package<\/h3>\n\n\n\n<p class=\"has-text-align-center\">Enjoy local wines from Kullabergs Vingard alongside a three-course dinner in our restaurant. The package includes a guided tour of the winery followed by a wine tasting, as well as an overnight stay and breakfast \u2013 a complete experience of flavor and relaxation.<\/p>\n<\/div>\n<\/div>\n\n\n\n<div class=\"wp-block-buttons is-content-justification-center is-layout-flex wp-container-core-buttons-is-layout-a89b3969 wp-block-buttons-is-layout-flex\">\n<div class=\"wp-block-button is-style-ext-preset--button--natural-1--button-1 is-style-ext-preset--button--natural-1--button-1--7\"><a class=\"wp-block-button__link has-secondary-background-color has-background has-source-serif-pro-font-family wp-element-button\" href=\"https:\/\/test.hotelkullaberg.site.hotelkullaberg.site\/en\/paket-och-erbjudanden\/vingardspaket\/\" style=\"border-top-left-radius:0px;border-top-right-radius:0px;border-bottom-left-radius:0px;border-bottom-right-radius:0px\">Read more<\/a><\/div>\n<\/div>\n<\/div>\n<\/div>\n<\/div>","protected":false},"excerpt":{"rendered":"<p>Upplevelsepaket i natursk\u00f6na M\u00f6lle Uppt\u00e4ck v\u00e5ra exklusiva paket som kombinerar boende med vandring, golf och vinprovning f\u00f6r en of\u00f6rgl\u00f6mlig vistelse. Vandringspaket Uppt\u00e4ck Kullabergs spektakul\u00e4ra vandringsleder och njut av hisnande vyer, dramatiska klippor och frisk havsluft. Paketet inkluderar ett lunchpaket att ta med p\u00e5 vandringen, s\u00e5 att du kan pausa och njuta mitt i naturen. Efter [&hellip;]<\/p>\n","protected":false},"author":1,"featured_media":0,"parent":0,"menu_order":0,"comment_status":"closed","ping_status":"closed","template":"page-with-title","meta":{"_monsterinsights_skip_tracking":false,"_monsterinsights_sitenote_active":false,"_monsterinsights_sitenote_note":"","_monsterinsights_sitenote_category":0,"footnotes":""},"class_list":["post-26","page","type-page","status-publish","hentry"],"aioseo_notices":[],"_links":{"self":[{"href":"https:\/\/test.hotelkullaberg.site.hotelkullaberg.site\/en\/wp-json\/wp\/v2\/pages\/26","targetHints":{"allow":["GET"]}}],"collection":[{"href":"https:\/\/test.hotelkullaberg.site.hotelkullaberg.site\/en\/wp-json\/wp\/v2\/pages"}],"about":[{"href":"https:\/\/test.hotelkullaberg.site.hotelkullaberg.site\/en\/wp-json\/wp\/v2\/types\/page"}],"author":[{"embeddable":true,"href":"https:\/\/test.hotelkullaberg.site.hotelkullaberg.site\/en\/wp-json\/wp\/v2\/users\/1"}],"replies":[{"embeddable":true,"href":"https:\/\/test.hotelkullaberg.site.hotelkullaberg.site\/en\/wp-json\/wp\/v2\/comments?post=26"}],"version-history":[{"count":8,"href":"https:\/\/test.hotelkullaberg.site.hotelkullaberg.site\/en\/wp-json\/wp\/v2\/pages\/26\/revisions"}],"predecessor-version":[{"id":236,"href":"https:\/\/test.hotelkullaberg.site.hotelkullaberg.site\/en\/wp-json\/wp\/v2\/pages\/26\/revisions\/236"}],"wp:attachment":[{"href":"https:\/\/test.hotelkullaberg.site.hotelkullaberg.site\/en\/wp-json\/wp\/v2\/media?parent=26"}],"curies":[{"name":"wp","href":"https:\/\/api.w.org\/{rel}","templated":true}]}}