{"id":27,"date":"2026-02-13T11:56:27","date_gmt":"2026-02-13T11:56:27","guid":{"rendered":"https:\/\/test.hotelkullaberg.site.hotelkullaberg.site\/faq\/"},"modified":"2026-02-16T02:31:11","modified_gmt":"2026-02-16T02:31:11","slug":"faq","status":"publish","type":"page","link":"https:\/\/test.hotelkullaberg.site.hotelkullaberg.site\/en\/faq\/","title":{"rendered":"FAQ"},"content":{"rendered":"<div class=\"wp-block-group alignfull is-style-ext-preset--group--natural-1--section has-background-background-color has-background has-global-padding is-layout-constrained wp-container-core-group-is-layout-c3dedf43 wp-block-group-is-layout-constrained\" id=\"vanliga-fragor\" style=\"margin-top:0;margin-bottom:0;padding-top:0;padding-bottom:var(--wp--preset--spacing--50)\">\n<div class=\"wp-block-cover alignfull\" style=\"min-height:319px;aspect-ratio:unset;\"><img loading=\"lazy\" decoding=\"async\" width=\"1000\" height=\"1500\" class=\"wp-block-cover__image-background wp-image-70 size-full\" alt=\"\" src=\"https:\/\/test.hotelkullaberg.site.hotelkullaberg.site\/wp-content\/uploads\/2026\/02\/Hotel-Kullaberg-Robert-Bohnke-2-kopia-1.jpg\" data-object-fit=\"cover\" srcset=\"https:\/\/test.hotelkullaberg.site.hotelkullaberg.site\/wp-content\/uploads\/2026\/02\/Hotel-Kullaberg-Robert-Bohnke-2-kopia-1.jpg 1000w, https:\/\/test.hotelkullaberg.site.hotelkullaberg.site\/wp-content\/uploads\/2026\/02\/Hotel-Kullaberg-Robert-Bohnke-2-kopia-1-200x300.jpg 200w, https:\/\/test.hotelkullaberg.site.hotelkullaberg.site\/wp-content\/uploads\/2026\/02\/Hotel-Kullaberg-Robert-Bohnke-2-kopia-1-683x1024.jpg 683w, https:\/\/test.hotelkullaberg.site.hotelkullaberg.site\/wp-content\/uploads\/2026\/02\/Hotel-Kullaberg-Robert-Bohnke-2-kopia-1-768x1152.jpg 768w, https:\/\/test.hotelkullaberg.site.hotelkullaberg.site\/wp-content\/uploads\/2026\/02\/Hotel-Kullaberg-Robert-Bohnke-2-kopia-1-8x12.jpg 8w\" sizes=\"auto, (max-width: 1000px) 100vw, 1000px\" \/><span aria-hidden=\"true\" class=\"wp-block-cover__background has-background-dim\" style=\"background-color:#5c5551\"><\/span><div class=\"wp-block-cover__inner-container has-global-padding is-layout-constrained wp-block-cover-is-layout-constrained\">\n<p class=\"has-text-align-center has-source-serif-pro-font-family has-large-font-size\">FAQ<\/p>\n<\/div><\/div>\n\n\n\n<div class=\"wp-block-group alignwide is-vertical is-layout-flex wp-container-core-group-is-layout-c35747d5 wp-block-group-is-layout-flex\">\n<div class=\"wp-block-group has-global-padding is-layout-constrained wp-container-core-group-is-layout-2287c683 wp-block-group-is-layout-constrained\">\n<h2 class=\"wp-block-heading\">Charming boutique hotel by the sea<\/h2>\n\n\n\n<p>Here, we answer the most frequently asked questions so you can quickly find the information you need.<\/p>\n<\/div>\n<\/div>\n\n\n\n<div class=\"wp-block-columns alignwide is-layout-flex wp-container-core-columns-is-layout-08c01c1c wp-block-columns-is-layout-flex\">\n<div class=\"wp-block-column is-layout-flow wp-container-core-column-is-layout-119bc444 wp-block-column-is-layout-flow\">\n<div class=\"wp-block-group is-style-ext-preset--group--natural-1--item-card-1--align-start has-global-padding is-layout-constrained wp-block-group-is-layout-constrained is-style-ext-preset--group--natural-1--item-card-1--align-start--2\">\n<div class=\"wp-block-group is-style-default has-global-padding is-layout-constrained wp-block-group-is-layout-constrained\">\n<h3 class=\"wp-block-heading\">What are the check-in and check-out times?<\/h3>\n\n\n\n<p>Check-in is from 3:00 PM, and check-out is by 11:00 AM.<\/p>\n<\/div>\n<\/div>\n<\/div>\n\n\n\n<div class=\"wp-block-column is-layout-flow wp-container-core-column-is-layout-119bc444 wp-block-column-is-layout-flow\">\n<div class=\"wp-block-group is-style-ext-preset--group--natural-1--item-card-1--align-start has-global-padding is-layout-constrained wp-block-group-is-layout-constrained is-style-ext-preset--group--natural-1--item-card-1--align-start--3\">\n<div class=\"wp-block-group is-style-default has-global-padding is-layout-constrained wp-block-group-is-layout-constrained\">\n<h3 class=\"wp-block-heading\">What activities are available near the hotel?<\/h3>\n\n\n\n<p>Enjoy hiking, golf, and visits to local wineries in the surrounding area.<\/p>\n<\/div>\n<\/div>\n<\/div>\n<\/div>\n\n\n\n<div class=\"wp-block-columns alignwide is-layout-flex wp-container-core-columns-is-layout-967d05ff wp-block-columns-is-layout-flex\" style=\"margin-top:var(--wp--preset--spacing--40)\">\n<div class=\"wp-block-column is-layout-flow wp-container-core-column-is-layout-119bc444 wp-block-column-is-layout-flow\">\n<div class=\"wp-block-group is-style-ext-preset--group--natural-1--item-card-1--align-start has-global-padding is-layout-constrained wp-block-group-is-layout-constrained is-style-ext-preset--group--natural-1--item-card-1--align-start--4\">\n<div class=\"wp-block-group is-style-default has-global-padding is-layout-constrained wp-block-group-is-layout-constrained\">\n<h3 class=\"wp-block-heading\">What time is breakfast served?<\/h3>\n\n\n\n<p>Breakfast is served in our dining room from 8:00 AM to 10:00 AM.<\/p>\n<\/div>\n<\/div>\n<\/div>\n\n\n\n<div class=\"wp-block-column is-layout-flow wp-container-core-column-is-layout-119bc444 wp-block-column-is-layout-flow\">\n<div class=\"wp-block-group is-style-ext-preset--group--natural-1--item-card-1--align-start has-global-padding is-layout-constrained wp-block-group-is-layout-constrained is-style-ext-preset--group--natural-1--item-card-1--align-start--5\">\n<div class=\"wp-block-group is-style-default has-global-padding is-layout-constrained wp-block-group-is-layout-constrained\">\n<h3 class=\"wp-block-heading\">How can I book a room at Hotel Kullaberg?<\/h3>\n\n\n\n<p>You can book directly through our website or contact our reception.<\/p>\n<\/div>\n<\/div>\n<\/div>\n<\/div>\n\n\n\n<div class=\"wp-block-columns alignwide is-layout-flex wp-container-core-columns-is-layout-967d05ff wp-block-columns-is-layout-flex\" style=\"margin-top:var(--wp--preset--spacing--40)\">\n<div class=\"wp-block-column is-layout-flow wp-container-core-column-is-layout-119bc444 wp-block-column-is-layout-flow\">\n<div class=\"wp-block-group is-style-ext-preset--group--natural-1--item-card-1--align-start has-global-padding is-layout-constrained wp-block-group-is-layout-constrained is-style-ext-preset--group--natural-1--item-card-1--align-start--6\">\n<div class=\"wp-block-group is-style-default has-global-padding is-layout-constrained wp-block-group-is-layout-constrained\">\n<h3 class=\"wp-block-heading\">Is there parking available?<\/h3>\n\n\n\n<p>We have 14 parking spaces right outside the entrance, free of charge for our hotel guests.<\/p>\n<\/div>\n<\/div>\n<\/div>\n\n\n\n<div class=\"wp-block-column is-layout-flow wp-container-core-column-is-layout-119bc444 wp-block-column-is-layout-flow\">\n<div class=\"wp-block-group is-style-ext-preset--group--natural-1--item-card-1--align-start has-global-padding is-layout-constrained wp-block-group-is-layout-constrained is-style-ext-preset--group--natural-1--item-card-1--align-start--7\">\n<div class=\"wp-block-group is-style-default has-global-padding is-layout-constrained wp-block-group-is-layout-constrained\">\n<h3 class=\"wp-block-heading\">Are dogs welcome?<\/h3>\n\n\n\n<p>We allow dogs in the room for an additional cleaning fee of 350 SEK.<\/p>\n<\/div>\n<\/div>\n<\/div>\n<\/div>\n<\/div>\n\n\n\n<div class=\"wp-block-cover alignfull has-parallax is-style-ext-preset--cover--natural-1--cover-overlay-1 is-style-ext-preset--cover--natural-1--cover-overlay-1--8\" style=\"padding-top:var(--wp--preset--spacing--70);padding-right:var(--wp--preset--spacing--30);padding-bottom:var(--wp--preset--spacing--70);padding-left:var(--wp--preset--spacing--30)\"><div class=\"wp-block-cover__image-background wp-image-69 size-large has-parallax\" style=\"background-position:50% 50%;background-image:url(https:\/\/test.hotelkullaberg.site.hotelkullaberg.site\/wp-content\/uploads\/2026\/02\/Hero-ny-1024x683.webp)\"><\/div><span aria-hidden=\"true\" class=\"wp-block-cover__background has-background-dim-80 has-background-dim\" style=\"background-color:#010101\"><\/span><div class=\"wp-block-cover__inner-container has-global-padding is-layout-constrained wp-container-core-cover-is-layout-5cffc2c1 wp-block-cover-is-layout-constrained\">\n<div class=\"wp-block-group alignwide is-vertical is-layout-flex wp-container-core-group-is-layout-c35747d5 wp-block-group-is-layout-flex\">\n<div class=\"wp-block-group has-global-padding is-layout-constrained wp-container-core-group-is-layout-2287c683 wp-block-group-is-layout-constrained\">\n<h2 class=\"wp-block-heading has-text-align-left\">Discover our other packages<\/h2>\n\n\n\n<p class=\"has-text-align-left\">Here you\u2019ll find our carefully curated packages and offers designed to enhance your stay \u2013 from hiking and golf to wine tastings. Explore our special deals and book your dream seaside getaway.<\/p>\n<\/div>\n\n\n\n<div class=\"wp-block-buttons is-layout-flex wp-block-buttons-is-layout-flex\">\n<div class=\"wp-block-button is-style-ext-preset--button--natural-1--button-1 is-style-ext-preset--button--natural-1--button-1--9\"><a class=\"wp-block-button__link has-source-serif-pro-font-family wp-element-button\" href=\"https:\/\/test.hotelkullaberg.site.hotelkullaberg.site\/en\/paket-och-erbjudanden\/\" style=\"border-top-left-radius:0px;border-top-right-radius:0px;border-bottom-left-radius:0px;border-bottom-right-radius:0px\">View our packages<\/a><\/div>\n<\/div>\n<\/div>\n<\/div><\/div>","protected":false},"excerpt":{"rendered":"<p>Charmigt boutiquehotell vid havet H\u00e4r besvarar vi de vanligaste fr\u00e5gorna f\u00f6r att du snabbt ska hitta r\u00e4tt information. N\u00e4r kan jag checka in\/ut? Incheckning \u00e4r fr\u00e5n kl. 15:00 och utcheckning \u00e4r senast kl. 11:00. Vilka aktiviteter finns i n\u00e4rheten av hotellet? Njut av vandring, golf och bes\u00f6k p\u00e5 lokala ving\u00e5rdar i n\u00e4romr\u00e5det. Vilket tid serveras [&hellip;]<\/p>\n","protected":false},"author":1,"featured_media":0,"parent":0,"menu_order":0,"comment_status":"closed","ping_status":"closed","template":"page-with-title","meta":{"_monsterinsights_skip_tracking":false,"_monsterinsights_sitenote_active":false,"_monsterinsights_sitenote_note":"","_monsterinsights_sitenote_category":0,"footnotes":""},"class_list":["post-27","page","type-page","status-publish","hentry"],"aioseo_notices":[],"_links":{"self":[{"href":"https:\/\/test.hotelkullaberg.site.hotelkullaberg.site\/en\/wp-json\/wp\/v2\/pages\/27","targetHints":{"allow":["GET"]}}],"collection":[{"href":"https:\/\/test.hotelkullaberg.site.hotelkullaberg.site\/en\/wp-json\/wp\/v2\/pages"}],"about":[{"href":"https:\/\/test.hotelkullaberg.site.hotelkullaberg.site\/en\/wp-json\/wp\/v2\/types\/page"}],"author":[{"embeddable":true,"href":"https:\/\/test.hotelkullaberg.site.hotelkullaberg.site\/en\/wp-json\/wp\/v2\/users\/1"}],"replies":[{"embeddable":true,"href":"https:\/\/test.hotelkullaberg.site.hotelkullaberg.site\/en\/wp-json\/wp\/v2\/comments?post=27"}],"version-history":[{"count":4,"href":"https:\/\/test.hotelkullaberg.site.hotelkullaberg.site\/en\/wp-json\/wp\/v2\/pages\/27\/revisions"}],"predecessor-version":[{"id":248,"href":"https:\/\/test.hotelkullaberg.site.hotelkullaberg.site\/en\/wp-json\/wp\/v2\/pages\/27\/revisions\/248"}],"wp:attachment":[{"href":"https:\/\/test.hotelkullaberg.site.hotelkullaberg.site\/en\/wp-json\/wp\/v2\/media?parent=27"}],"curies":[{"name":"wp","href":"https:\/\/api.w.org\/{rel}","templated":true}]}}